{"id":9,"date":"2015-11-02T12:52:36","date_gmt":"2015-11-02T12:52:36","guid":{"rendered":"http:\/\/fotoclubfollonica.com\/v1\/?page_id=9"},"modified":"2025-01-28T22:01:09","modified_gmt":"2025-01-28T21:01:09","slug":"storia","status":"publish","type":"page","link":"http:\/\/www.fotoclubfollonica.com\/v1\/storia\/","title":{"rendered":"Storia"},"content":{"rendered":"<p>\n\n  <section id=\"intro\">\n    \n<div class=\"col-md-8 col-sm-8\">\n\t<p style=\"text-align: justify;\">Il Fotoclub Follonica BFI nasce nel <b>1992<\/b>, unendo in una passione unica diversi fotoamatori della zona. Il Fotoclub Follonica BFI attualmente conta pi\u00f9 di venti soci, appassionati di fotografia e che si adoperano perch\u00e8 le attivit\u00e0 del circolo fotografico siano sviluppate al meglio. Le maggiori manifestazioni organizzate sono Click d'Autore, incontri con autori conosciuti a livello nazionale ed internazionale tenuti nel periodo invernale; ed Artestate, manifestazione fotografica ricca di mostre, incontri e videoproiezioni che si tiene nella settimana di fine luglio - inizio agosto dal 2006.<\/p><p style=\"text-align: justify;\">Dal 2012 il Fotolcub Follonica BFI organizza il Trofeo Citt\u00e0 di Follonica, concorso fotografico digitale nazionale patrocinato Fiaf, che gi\u00e0 alla prima edizione ha visto una importante partecipazione, con enorme soddisfazione per l'ottima riuscita. Dalla seconda edizione il concorso prevede tre sezioni, una a tema obbligato Natura, una a tema libero ed una sezione Portfolio.<\/p><p style=\"text-align: justify;\">La prima sede di riunione fu il bar gelateria \"Il Sestante\" di propriet\u00e0 di uno dei soci, spostata poi presso l'ex Casello Idraulico, fino al momento della ristrutturazione per l'uso attuale come salone per mostre ed eventi. Dopo alcuni anni senza \"fissa dimora\" il Fotoclub Folloncia BFi ha trovato uno spazio proprio presso le aule dell'ex Colonia Marina nella Pineta di Levante; dal 2014 si \u00e8 trasferito nella nuova sede all'interno della scuola superiore IPSIA di Follonica, con due sale riservate, una adibita a sala riunioni ed una dove allestita a sala posa.<\/p><p style=\"text-align: justify;\">I Soci fondatori del Fotoclub Follonica sono stati:\u00a0Paolo Agostini,\u00a0Piero Cerri,\u00a0Romano Giomi,\u00a0Paolo Magnanelli,\u00a0Luciano Mosca,\u00a0Antonio Presta e Leonardo Topi.<\/p><\/div>\n<div class=\"col-md-4 col-sm-4\">\n\t<p><img src=\"http:\/\/fotoclubfollonica.com\/v1\/wp-content\/uploads\/2015\/11\/storia.png\" alt=\"storia\" width=\"867\" height=\"650\" class=\"aligncenter size-full wp-image-368\" \/><\/p><\/div>\n  <\/section>\n\n\n<\/p>\n","protected":false},"excerpt":{"rendered":"<p>Il Fotoclub Follonica BFI nasce nel 1992, unendo in una passione unica diversi fotoamatori della zona. Il Fotoclub Follonica BFI attualmente conta pi\u00f9 di venti soci, appassionati di fotografia e che si adoperano perch\u00e8 le attivit\u00e0 del circolo fotografico siano sviluppate al meglio. Le maggiori manifestazioni organizzate sono Click d&#8217;Autore, incontri con autori conosciuti a [&hellip;]<\/p>\n","protected":false},"author":1,"featured_media":539,"parent":0,"menu_order":0,"comment_status":"closed","ping_status":"closed","template":"","meta":[],"yoast_head":"<!-- This site is optimized with the Yoast SEO plugin v20.3 - https:\/\/yoast.com\/wordpress\/plugins\/seo\/ -->\n<title>Storia &bull; Fotoclub Follonica BFI<\/title>\n<meta name=\"robots\" content=\"index, follow, max-snippet:-1, max-image-preview:large, max-video-preview:-1\" \/>\n<link rel=\"canonical\" href=\"http:\/\/www.fotoclubfollonica.com\/v1\/storia\/\" \/>\n<meta property=\"og:locale\" content=\"it_IT\" \/>\n<meta property=\"og:type\" content=\"article\" \/>\n<meta property=\"og:title\" content=\"Storia &bull; Fotoclub Follonica BFI\" \/>\n<meta property=\"og:description\" content=\"Il Fotoclub Follonica BFI nasce nel 1992, unendo in una passione unica diversi fotoamatori della zona. Il Fotoclub Follonica BFI attualmente conta pi\u00f9 di venti soci, appassionati di fotografia e che si adoperano perch\u00e8 le attivit\u00e0 del circolo fotografico siano sviluppate al meglio. Le maggiori manifestazioni organizzate sono Click d&#039;Autore, incontri con autori conosciuti a [&hellip;]\" \/>\n<meta property=\"og:url\" content=\"http:\/\/www.fotoclubfollonica.com\/v1\/storia\/\" \/>\n<meta property=\"og:site_name\" content=\"Fotoclub Follonica BFI\" \/>\n<meta property=\"article:publisher\" content=\"https:\/\/www.facebook.com\/fotoclubfollonicaBFI\" \/>\n<meta property=\"article:modified_time\" content=\"2025-01-28T21:01:09+00:00\" \/>\n<meta property=\"og:image\" content=\"http:\/\/www.fotoclubfollonica.com\/v1\/wp-content\/uploads\/2015\/11\/Fotoclub_Logo.png\" \/>\n\t<meta property=\"og:image:width\" content=\"500\" \/>\n\t<meta property=\"og:image:height\" content=\"235\" \/>\n\t<meta property=\"og:image:type\" content=\"image\/png\" \/>\n<meta name=\"twitter:card\" content=\"summary_large_image\" \/>\n<meta name=\"twitter:label1\" content=\"Tempo di lettura stimato\" \/>\n\t<meta name=\"twitter:data1\" content=\"2 minuti\" \/>\n<script type=\"application\/ld+json\" class=\"yoast-schema-graph\">{\"@context\":\"https:\/\/schema.org\",\"@graph\":[{\"@type\":\"WebPage\",\"@id\":\"http:\/\/www.fotoclubfollonica.com\/v1\/storia\/\",\"url\":\"http:\/\/www.fotoclubfollonica.com\/v1\/storia\/\",\"name\":\"Storia &bull; Fotoclub Follonica BFI\",\"isPartOf\":{\"@id\":\"http:\/\/www.fotoclubfollonica.com\/v1\/#website\"},\"datePublished\":\"2015-11-02T12:52:36+00:00\",\"dateModified\":\"2025-01-28T21:01:09+00:00\",\"breadcrumb\":{\"@id\":\"http:\/\/www.fotoclubfollonica.com\/v1\/storia\/#breadcrumb\"},\"inLanguage\":\"it-IT\",\"potentialAction\":[{\"@type\":\"ReadAction\",\"target\":[\"http:\/\/www.fotoclubfollonica.com\/v1\/storia\/\"]}]},{\"@type\":\"BreadcrumbList\",\"@id\":\"http:\/\/www.fotoclubfollonica.com\/v1\/storia\/#breadcrumb\",\"itemListElement\":[{\"@type\":\"ListItem\",\"position\":1,\"name\":\"Home\",\"item\":\"http:\/\/www.fotoclubfollonica.com\/v1\/\"},{\"@type\":\"ListItem\",\"position\":2,\"name\":\"Storia\"}]},{\"@type\":\"WebSite\",\"@id\":\"http:\/\/www.fotoclubfollonica.com\/v1\/#website\",\"url\":\"http:\/\/www.fotoclubfollonica.com\/v1\/\",\"name\":\"Fotoclub Follonica BFI\",\"description\":\"\",\"publisher\":{\"@id\":\"http:\/\/www.fotoclubfollonica.com\/v1\/#organization\"},\"potentialAction\":[{\"@type\":\"SearchAction\",\"target\":{\"@type\":\"EntryPoint\",\"urlTemplate\":\"http:\/\/www.fotoclubfollonica.com\/v1\/?s={search_term_string}\"},\"query-input\":\"required name=search_term_string\"}],\"inLanguage\":\"it-IT\"},{\"@type\":\"Organization\",\"@id\":\"http:\/\/www.fotoclubfollonica.com\/v1\/#organization\",\"name\":\"Fotoclub Follonica Bfi\",\"url\":\"http:\/\/www.fotoclubfollonica.com\/v1\/\",\"logo\":{\"@type\":\"ImageObject\",\"inLanguage\":\"it-IT\",\"@id\":\"http:\/\/www.fotoclubfollonica.com\/v1\/#\/schema\/logo\/image\/\",\"url\":\"http:\/\/www.fotoclubfollonica.com\/v1\/wp-content\/uploads\/2015\/11\/Fotoclub_Logo.png\",\"contentUrl\":\"http:\/\/www.fotoclubfollonica.com\/v1\/wp-content\/uploads\/2015\/11\/Fotoclub_Logo.png\",\"width\":500,\"height\":235,\"caption\":\"Fotoclub Follonica Bfi\"},\"image\":{\"@id\":\"http:\/\/www.fotoclubfollonica.com\/v1\/#\/schema\/logo\/image\/\"},\"sameAs\":[\"https:\/\/www.facebook.com\/fotoclubfollonicaBFI\",\"https:\/\/www.instagram.com\/fotoclubfollonica\/\"]}]}<\/script>\n<!-- \/ Yoast SEO plugin. -->","yoast_head_json":{"title":"Storia &bull; Fotoclub Follonica BFI","robots":{"index":"index","follow":"follow","max-snippet":"max-snippet:-1","max-image-preview":"max-image-preview:large","max-video-preview":"max-video-preview:-1"},"canonical":"http:\/\/www.fotoclubfollonica.com\/v1\/storia\/","og_locale":"it_IT","og_type":"article","og_title":"Storia &bull; Fotoclub Follonica BFI","og_description":"Il Fotoclub Follonica BFI nasce nel 1992, unendo in una passione unica diversi fotoamatori della zona. Il Fotoclub Follonica BFI attualmente conta pi\u00f9 di venti soci, appassionati di fotografia e che si adoperano perch\u00e8 le attivit\u00e0 del circolo fotografico siano sviluppate al meglio. Le maggiori manifestazioni organizzate sono Click d'Autore, incontri con autori conosciuti a [&hellip;]","og_url":"http:\/\/www.fotoclubfollonica.com\/v1\/storia\/","og_site_name":"Fotoclub Follonica BFI","article_publisher":"https:\/\/www.facebook.com\/fotoclubfollonicaBFI","article_modified_time":"2025-01-28T21:01:09+00:00","og_image":[{"width":500,"height":235,"url":"http:\/\/www.fotoclubfollonica.com\/v1\/wp-content\/uploads\/2015\/11\/Fotoclub_Logo.png","type":"image\/png"}],"twitter_card":"summary_large_image","twitter_misc":{"Tempo di lettura stimato":"2 minuti"},"schema":{"@context":"https:\/\/schema.org","@graph":[{"@type":"WebPage","@id":"http:\/\/www.fotoclubfollonica.com\/v1\/storia\/","url":"http:\/\/www.fotoclubfollonica.com\/v1\/storia\/","name":"Storia &bull; Fotoclub Follonica BFI","isPartOf":{"@id":"http:\/\/www.fotoclubfollonica.com\/v1\/#website"},"datePublished":"2015-11-02T12:52:36+00:00","dateModified":"2025-01-28T21:01:09+00:00","breadcrumb":{"@id":"http:\/\/www.fotoclubfollonica.com\/v1\/storia\/#breadcrumb"},"inLanguage":"it-IT","potentialAction":[{"@type":"ReadAction","target":["http:\/\/www.fotoclubfollonica.com\/v1\/storia\/"]}]},{"@type":"BreadcrumbList","@id":"http:\/\/www.fotoclubfollonica.com\/v1\/storia\/#breadcrumb","itemListElement":[{"@type":"ListItem","position":1,"name":"Home","item":"http:\/\/www.fotoclubfollonica.com\/v1\/"},{"@type":"ListItem","position":2,"name":"Storia"}]},{"@type":"WebSite","@id":"http:\/\/www.fotoclubfollonica.com\/v1\/#website","url":"http:\/\/www.fotoclubfollonica.com\/v1\/","name":"Fotoclub Follonica BFI","description":"","publisher":{"@id":"http:\/\/www.fotoclubfollonica.com\/v1\/#organization"},"potentialAction":[{"@type":"SearchAction","target":{"@type":"EntryPoint","urlTemplate":"http:\/\/www.fotoclubfollonica.com\/v1\/?s={search_term_string}"},"query-input":"required name=search_term_string"}],"inLanguage":"it-IT"},{"@type":"Organization","@id":"http:\/\/www.fotoclubfollonica.com\/v1\/#organization","name":"Fotoclub Follonica Bfi","url":"http:\/\/www.fotoclubfollonica.com\/v1\/","logo":{"@type":"ImageObject","inLanguage":"it-IT","@id":"http:\/\/www.fotoclubfollonica.com\/v1\/#\/schema\/logo\/image\/","url":"http:\/\/www.fotoclubfollonica.com\/v1\/wp-content\/uploads\/2015\/11\/Fotoclub_Logo.png","contentUrl":"http:\/\/www.fotoclubfollonica.com\/v1\/wp-content\/uploads\/2015\/11\/Fotoclub_Logo.png","width":500,"height":235,"caption":"Fotoclub Follonica Bfi"},"image":{"@id":"http:\/\/www.fotoclubfollonica.com\/v1\/#\/schema\/logo\/image\/"},"sameAs":["https:\/\/www.facebook.com\/fotoclubfollonicaBFI","https:\/\/www.instagram.com\/fotoclubfollonica\/"]}]}},"_links":{"self":[{"href":"http:\/\/www.fotoclubfollonica.com\/v1\/wp-json\/wp\/v2\/pages\/9"}],"collection":[{"href":"http:\/\/www.fotoclubfollonica.com\/v1\/wp-json\/wp\/v2\/pages"}],"about":[{"href":"http:\/\/www.fotoclubfollonica.com\/v1\/wp-json\/wp\/v2\/types\/page"}],"author":[{"embeddable":true,"href":"http:\/\/www.fotoclubfollonica.com\/v1\/wp-json\/wp\/v2\/users\/1"}],"replies":[{"embeddable":true,"href":"http:\/\/www.fotoclubfollonica.com\/v1\/wp-json\/wp\/v2\/comments?post=9"}],"version-history":[{"count":10,"href":"http:\/\/www.fotoclubfollonica.com\/v1\/wp-json\/wp\/v2\/pages\/9\/revisions"}],"predecessor-version":[{"id":4322,"href":"http:\/\/www.fotoclubfollonica.com\/v1\/wp-json\/wp\/v2\/pages\/9\/revisions\/4322"}],"wp:featuredmedia":[{"embeddable":true,"href":"http:\/\/www.fotoclubfollonica.com\/v1\/wp-json\/wp\/v2\/media\/539"}],"wp:attachment":[{"href":"http:\/\/www.fotoclubfollonica.com\/v1\/wp-json\/wp\/v2\/media?parent=9"}],"curies":[{"name":"wp","href":"https:\/\/api.w.org\/{rel}","templated":true}]}}